{"id":71,"date":"2025-09-21T02:17:02","date_gmt":"2025-09-20T23:17:02","guid":{"rendered":"https:\/\/dremrahbarkin.com.tr\/index.php\/ana-sayfa\/"},"modified":"2025-09-21T02:36:47","modified_gmt":"2025-09-20T23:36:47","slug":"ana-sayfa","status":"publish","type":"page","link":"https:\/\/dremrahbarkin.com.tr\/","title":{"rendered":"Manuel Terapi Merkezi"},"content":{"rendered":"\n<div class=\"wp-block-cover alignfull is-light hestia-clear-top-padding\"><span aria-hidden=\"true\" class=\"wp-block-cover__background has-white-background-color has-background-dim-100 has-background-dim\"><\/span><div class=\"wp-block-cover__inner-container is-layout-flow wp-block-cover-is-layout-flow\">\n<h2 class=\"wp-block-heading has-text-align-center has-text-color\" style=\"color:#3c4858\">Dr. Emrah BARKIN<\/h2>\n\n\n\n<div style=\"height:40px\" aria-hidden=\"true\" class=\"wp-block-spacer\"><\/div>\n\n\n\n<div class=\"wp-block-columns container is-layout-flex wp-container-core-columns-is-layout-28f84493 wp-block-columns-is-layout-flex\">\n<div class=\"wp-block-column is-layout-flow wp-block-column-is-layout-flow\"><div class=\"wp-block-image\">\n<figure class=\"aligncenter size-large\"><img decoding=\"async\" src=\"https:\/\/dremrahbarkin.com.tr\/wp-content\/themes\/hestia\/assets\/img\/feat1.png\" alt=\"\" class=\"wp-image-70\"\/><\/figure>\n<\/div>\n\n\n<h5 class=\"wp-block-heading has-text-align-center has-text-color\" style=\"color:#3c4858;font-size:18px\">Refleksoloji<\/h5>\n\n\n\n<p class=\"has-text-align-center has-text-color\" style=\"color:#999999;font-size:14px\">Ayak taban\u0131ndaki sinir u\u00e7lar\u0131na uygulanan refleksoloji, sinir sistemini dengelemeye, dola\u015f\u0131m\u0131 art\u0131rmaya ve f\u0131t\u0131k kaynakl\u0131 a\u011fr\u0131lar\u0131n hafiflemesine destek olur..<\/p>\n\n\n\n<div style=\"height:25px\" aria-hidden=\"true\" class=\"wp-block-spacer\"><\/div>\n<\/div>\n\n\n\n<div class=\"wp-block-column is-layout-flow wp-block-column-is-layout-flow\"><div class=\"wp-block-image\">\n<figure class=\"aligncenter size-large\"><img decoding=\"async\" src=\"https:\/\/dremrahbarkin.com.tr\/wp-content\/themes\/hestia\/assets\/img\/feat2.png\" alt=\"\" class=\"wp-image-71\"\/><\/figure>\n<\/div>\n\n\n<h5 class=\"wp-block-heading has-text-align-center has-text-color\" style=\"color:#3c4858;font-size:18px\">Manuel Terapi<\/h5>\n\n\n\n<p class=\"has-text-align-center has-text-color\" style=\"color:#999999;font-size:14px\">Omurga ve eklem sa\u011fl\u0131\u011f\u0131n\u0131 iyile\u015ftirmeyi hedefleyen manuel terapi; bel ve boyun f\u0131t\u0131\u011f\u0131, donuk omuz, skolyoz ve kas iskelet sistemi rahats\u0131zl\u0131klar\u0131nda ameliyats\u0131z, do\u011fal bir \u00e7\u00f6z\u00fcm sunar.<\/p>\n\n\n\n<div style=\"height:25px\" aria-hidden=\"true\" class=\"wp-block-spacer\"><\/div>\n<\/div>\n\n\n\n<div class=\"wp-block-column is-layout-flow wp-block-column-is-layout-flow\"><div class=\"wp-block-image\">\n<figure class=\"aligncenter size-large\"><img decoding=\"async\" src=\"https:\/\/dremrahbarkin.com.tr\/wp-content\/themes\/hestia\/assets\/img\/feat3.png\" alt=\"\" class=\"wp-image-72\"\/><\/figure>\n<\/div>\n\n\n<h5 class=\"wp-block-heading has-text-align-center has-text-color\" style=\"color:#3c4858;font-size:18px\">Hacamat<\/h5>\n\n\n\n<p class=\"has-text-align-center has-text-color\" style=\"color:#999999;font-size:14px\"><strong>V\u00fccuttaki toksinlerin at\u0131lmas\u0131na yard\u0131mc\u0131 olan hacamat, dola\u015f\u0131m\u0131 d\u00fczenler, kas spazmlar\u0131n\u0131 azalt\u0131r ve kronik a\u011fr\u0131larda rahatlama sa\u011flar.<\/strong><\/p>\n\n\n\n<div style=\"height:25px\" aria-hidden=\"true\" class=\"wp-block-spacer\"><\/div>\n<\/div>\n<\/div>\n\n\n\n<div style=\"height:40px\" aria-hidden=\"true\" class=\"wp-block-spacer\"><\/div>\n<\/div><\/div>\n\n\n\n<div class=\"wp-block-columns container is-layout-flex wp-container-core-columns-is-layout-28f84493 wp-block-columns-is-layout-flex\">\n<div class=\"wp-block-column is-layout-flow wp-block-column-is-layout-flow\">\n<h2 class=\"wp-block-heading\">Ameliyats\u0131z F\u0131t\u0131k Tedavisi<\/h2>\n<\/div>\n<\/div>\n\n\n\n<figure class=\"wp-block-image size-full is-resized\"><img loading=\"lazy\" decoding=\"async\" width=\"942\" height=\"616\" src=\"https:\/\/dremrahbarkin.com.tr\/wp-content\/uploads\/2025\/09\/Emrah-BARKIN-hacamat.jpg\" alt=\"\" class=\"wp-image-79\" style=\"width:678px;height:auto\" srcset=\"https:\/\/dremrahbarkin.com.tr\/wp-content\/uploads\/2025\/09\/Emrah-BARKIN-hacamat.jpg 942w, https:\/\/dremrahbarkin.com.tr\/wp-content\/uploads\/2025\/09\/Emrah-BARKIN-hacamat-300x196.jpg 300w, https:\/\/dremrahbarkin.com.tr\/wp-content\/uploads\/2025\/09\/Emrah-BARKIN-hacamat-768x502.jpg 768w\" sizes=\"auto, (max-width: 942px) 100vw, 942px\" \/><\/figure>\n\n\n\n<div class=\"wp-block-group is-nowrap is-layout-flex wp-container-core-group-is-layout-6c531013 wp-block-group-is-layout-flex\">\n<p>Bel ve boyun f\u0131t\u0131\u011f\u0131 tedavisinde ameliyat d\u0131\u015f\u0131 y\u00f6ntemler ile kaslar\u0131 g\u00fc\u00e7lendiren, sinir s\u0131k\u0131\u015fmas\u0131n\u0131 azaltan ve ya\u015fam kalitesini y\u00fckselten \u00e7\u00f6z\u00fcmler sunuyoruz. Do\u011fru tekniklerle uygulanan tedavi sayesinde g\u00fcnl\u00fck hayat\u0131n\u0131za daha konforlu devam edebilirsiniz.<\/p>\n<\/div>\n","protected":false},"excerpt":{"rendered":"<p>Ameliyats\u0131z F\u0131t\u0131k Tedavisi Bel ve boyun f\u0131t\u0131\u011f\u0131 tedavisinde ameliyat d\u0131\u015f\u0131 y\u00f6ntemler ile kaslar\u0131 g\u00fc\u00e7lendiren, sinir s\u0131k\u0131\u015fmas\u0131n\u0131 azaltan ve ya\u015fam kalitesini y\u00fckselten \u00e7\u00f6z\u00fcmler sunuyoruz. Do\u011fru tekniklerle uygulanan tedavi sayesinde g\u00fcnl\u00fck hayat\u0131n\u0131za daha konforlu devam edebilirsiniz.<\/p>\n","protected":false},"author":1,"featured_media":0,"parent":0,"menu_order":0,"comment_status":"closed","ping_status":"closed","template":"","meta":{"pagelayer_contact_templates":[],"_pagelayer_content":"","ngg_post_thumbnail":0,"_themeisle_gutenberg_block_has_review":false,"footnotes":""},"class_list":["post-71","page","type-page","status-publish","hentry"],"aioseo_notices":[],"yoast_head":"<!-- This site is optimized with the Yoast SEO plugin v26.2 - https:\/\/yoast.com\/wordpress\/plugins\/seo\/ -->\n<title>Manuel Terapi Merkezi - Dr. Emrah BARKIN<\/title>\n<meta name=\"robots\" content=\"index, follow, max-snippet:-1, max-image-preview:large, max-video-preview:-1\" \/>\n<link rel=\"canonical\" href=\"https:\/\/dremrahbarkin.com.tr\/\" \/>\n<meta property=\"og:locale\" content=\"tr_TR\" \/>\n<meta property=\"og:type\" content=\"article\" \/>\n<meta property=\"og:title\" content=\"Manuel Terapi Merkezi - Dr. Emrah BARKIN\" \/>\n<meta property=\"og:description\" content=\"Ameliyats\u0131z F\u0131t\u0131k Tedavisi Bel ve boyun f\u0131t\u0131\u011f\u0131 tedavisinde ameliyat d\u0131\u015f\u0131 y\u00f6ntemler ile kaslar\u0131 g\u00fc\u00e7lendiren, sinir s\u0131k\u0131\u015fmas\u0131n\u0131 azaltan ve ya\u015fam kalitesini y\u00fckselten \u00e7\u00f6z\u00fcmler sunuyoruz. Do\u011fru tekniklerle uygulanan tedavi sayesinde g\u00fcnl\u00fck hayat\u0131n\u0131za daha konforlu devam edebilirsiniz.\" \/>\n<meta property=\"og:url\" content=\"https:\/\/dremrahbarkin.com.tr\/\" \/>\n<meta property=\"og:site_name\" content=\"Dr. Emrah BARKIN\" \/>\n<meta property=\"article:modified_time\" content=\"2025-09-20T23:36:47+00:00\" \/>\n<meta property=\"og:image\" content=\"https:\/\/dremrahbarkin.com.tr\/wp-content\/themes\/hestia\/assets\/img\/feat1.png\" \/>\n<meta name=\"twitter:card\" content=\"summary_large_image\" \/>\n<meta name=\"twitter:label1\" content=\"Tahmini okuma s\u00fcresi\" \/>\n\t<meta name=\"twitter:data1\" content=\"1 dakika\" \/>\n<script type=\"application\/ld+json\" class=\"yoast-schema-graph\">{\"@context\":\"https:\/\/schema.org\",\"@graph\":[{\"@type\":\"WebPage\",\"@id\":\"https:\/\/dremrahbarkin.com.tr\/\",\"url\":\"https:\/\/dremrahbarkin.com.tr\/\",\"name\":\"Manuel Terapi Merkezi - Dr. Emrah BARKIN\",\"isPartOf\":{\"@id\":\"https:\/\/dremrahbarkin.com.tr\/#website\"},\"primaryImageOfPage\":{\"@id\":\"https:\/\/dremrahbarkin.com.tr\/#primaryimage\"},\"image\":{\"@id\":\"https:\/\/dremrahbarkin.com.tr\/#primaryimage\"},\"thumbnailUrl\":\"https:\/\/dremrahbarkin.com.tr\/wp-content\/themes\/hestia\/assets\/img\/feat1.png\",\"datePublished\":\"2025-09-20T23:17:02+00:00\",\"dateModified\":\"2025-09-20T23:36:47+00:00\",\"breadcrumb\":{\"@id\":\"https:\/\/dremrahbarkin.com.tr\/#breadcrumb\"},\"inLanguage\":\"tr\",\"potentialAction\":[{\"@type\":\"ReadAction\",\"target\":[\"https:\/\/dremrahbarkin.com.tr\/\"]}]},{\"@type\":\"ImageObject\",\"inLanguage\":\"tr\",\"@id\":\"https:\/\/dremrahbarkin.com.tr\/#primaryimage\",\"url\":\"https:\/\/dremrahbarkin.com.tr\/wp-content\/themes\/hestia\/assets\/img\/feat1.png\",\"contentUrl\":\"https:\/\/dremrahbarkin.com.tr\/wp-content\/themes\/hestia\/assets\/img\/feat1.png\"},{\"@type\":\"BreadcrumbList\",\"@id\":\"https:\/\/dremrahbarkin.com.tr\/#breadcrumb\",\"itemListElement\":[{\"@type\":\"ListItem\",\"position\":1,\"name\":\"Anasayfa\",\"item\":\"https:\/\/dremrahbarkin.com.tr\/\"},{\"@type\":\"ListItem\",\"position\":2,\"name\":\"Manuel Terapi Merkezi\"}]},{\"@type\":\"WebSite\",\"@id\":\"https:\/\/dremrahbarkin.com.tr\/#website\",\"url\":\"https:\/\/dremrahbarkin.com.tr\/\",\"name\":\"Dr. Emrah BARKIN\",\"description\":\"Manuel terapi\",\"potentialAction\":[{\"@type\":\"SearchAction\",\"target\":{\"@type\":\"EntryPoint\",\"urlTemplate\":\"https:\/\/dremrahbarkin.com.tr\/?s={search_term_string}\"},\"query-input\":{\"@type\":\"PropertyValueSpecification\",\"valueRequired\":true,\"valueName\":\"search_term_string\"}}],\"inLanguage\":\"tr\"}]}<\/script>\n<!-- \/ Yoast SEO plugin. -->","yoast_head_json":{"title":"Manuel Terapi Merkezi - Dr. Emrah BARKIN","robots":{"index":"index","follow":"follow","max-snippet":"max-snippet:-1","max-image-preview":"max-image-preview:large","max-video-preview":"max-video-preview:-1"},"canonical":"https:\/\/dremrahbarkin.com.tr\/","og_locale":"tr_TR","og_type":"article","og_title":"Manuel Terapi Merkezi - Dr. Emrah BARKIN","og_description":"Ameliyats\u0131z F\u0131t\u0131k Tedavisi Bel ve boyun f\u0131t\u0131\u011f\u0131 tedavisinde ameliyat d\u0131\u015f\u0131 y\u00f6ntemler ile kaslar\u0131 g\u00fc\u00e7lendiren, sinir s\u0131k\u0131\u015fmas\u0131n\u0131 azaltan ve ya\u015fam kalitesini y\u00fckselten \u00e7\u00f6z\u00fcmler sunuyoruz. Do\u011fru tekniklerle uygulanan tedavi sayesinde g\u00fcnl\u00fck hayat\u0131n\u0131za daha konforlu devam edebilirsiniz.","og_url":"https:\/\/dremrahbarkin.com.tr\/","og_site_name":"Dr. Emrah BARKIN","article_modified_time":"2025-09-20T23:36:47+00:00","og_image":[{"url":"https:\/\/dremrahbarkin.com.tr\/wp-content\/themes\/hestia\/assets\/img\/feat1.png","type":"","width":"","height":""}],"twitter_card":"summary_large_image","twitter_misc":{"Tahmini okuma s\u00fcresi":"1 dakika"},"schema":{"@context":"https:\/\/schema.org","@graph":[{"@type":"WebPage","@id":"https:\/\/dremrahbarkin.com.tr\/","url":"https:\/\/dremrahbarkin.com.tr\/","name":"Manuel Terapi Merkezi - Dr. Emrah BARKIN","isPartOf":{"@id":"https:\/\/dremrahbarkin.com.tr\/#website"},"primaryImageOfPage":{"@id":"https:\/\/dremrahbarkin.com.tr\/#primaryimage"},"image":{"@id":"https:\/\/dremrahbarkin.com.tr\/#primaryimage"},"thumbnailUrl":"https:\/\/dremrahbarkin.com.tr\/wp-content\/themes\/hestia\/assets\/img\/feat1.png","datePublished":"2025-09-20T23:17:02+00:00","dateModified":"2025-09-20T23:36:47+00:00","breadcrumb":{"@id":"https:\/\/dremrahbarkin.com.tr\/#breadcrumb"},"inLanguage":"tr","potentialAction":[{"@type":"ReadAction","target":["https:\/\/dremrahbarkin.com.tr\/"]}]},{"@type":"ImageObject","inLanguage":"tr","@id":"https:\/\/dremrahbarkin.com.tr\/#primaryimage","url":"https:\/\/dremrahbarkin.com.tr\/wp-content\/themes\/hestia\/assets\/img\/feat1.png","contentUrl":"https:\/\/dremrahbarkin.com.tr\/wp-content\/themes\/hestia\/assets\/img\/feat1.png"},{"@type":"BreadcrumbList","@id":"https:\/\/dremrahbarkin.com.tr\/#breadcrumb","itemListElement":[{"@type":"ListItem","position":1,"name":"Anasayfa","item":"https:\/\/dremrahbarkin.com.tr\/"},{"@type":"ListItem","position":2,"name":"Manuel Terapi Merkezi"}]},{"@type":"WebSite","@id":"https:\/\/dremrahbarkin.com.tr\/#website","url":"https:\/\/dremrahbarkin.com.tr\/","name":"Dr. Emrah BARKIN","description":"Manuel terapi","potentialAction":[{"@type":"SearchAction","target":{"@type":"EntryPoint","urlTemplate":"https:\/\/dremrahbarkin.com.tr\/?s={search_term_string}"},"query-input":{"@type":"PropertyValueSpecification","valueRequired":true,"valueName":"search_term_string"}}],"inLanguage":"tr"}]}},"_links":{"self":[{"href":"https:\/\/dremrahbarkin.com.tr\/index.php\/wp-json\/wp\/v2\/pages\/71","targetHints":{"allow":["GET"]}}],"collection":[{"href":"https:\/\/dremrahbarkin.com.tr\/index.php\/wp-json\/wp\/v2\/pages"}],"about":[{"href":"https:\/\/dremrahbarkin.com.tr\/index.php\/wp-json\/wp\/v2\/types\/page"}],"author":[{"embeddable":true,"href":"https:\/\/dremrahbarkin.com.tr\/index.php\/wp-json\/wp\/v2\/users\/1"}],"replies":[{"embeddable":true,"href":"https:\/\/dremrahbarkin.com.tr\/index.php\/wp-json\/wp\/v2\/comments?post=71"}],"version-history":[{"count":3,"href":"https:\/\/dremrahbarkin.com.tr\/index.php\/wp-json\/wp\/v2\/pages\/71\/revisions"}],"predecessor-version":[{"id":82,"href":"https:\/\/dremrahbarkin.com.tr\/index.php\/wp-json\/wp\/v2\/pages\/71\/revisions\/82"}],"wp:attachment":[{"href":"https:\/\/dremrahbarkin.com.tr\/index.php\/wp-json\/wp\/v2\/media?parent=71"}],"curies":[{"name":"wp","href":"https:\/\/api.w.org\/{rel}","templated":true}]}}